{"id":32,"date":"2019-06-10T13:31:16","date_gmt":"2019-06-10T11:31:16","guid":{"rendered":"http:\/\/klf.strony.uw.edu.pl\/?page_id=32"},"modified":"2022-10-16T17:17:26","modified_gmt":"2022-10-16T15:17:26","slug":"dyzury-pracownikow","status":"publish","type":"page","link":"http:\/\/klf.uw.edu.pl\/?page_id=32","title":{"rendered":"Dy\u017cury pracownik\u00f3w"},"content":{"rendered":"<p><strong>Kierownik<\/strong><\/p>\n<p>Prof. dr hab. Magdalena Danielewicz<\/p>\n<ul>\n<li>Konsultacje online po wcze\u015bniejszym kontakcie mailowym.<\/li>\n<\/ul>\n<p><strong>Pracownicy<\/strong><\/p>\n<p>Prof. dr hab. Andrzej Bogus\u0142awski<\/p>\n<ul>\n<li>W celu um\u00f3wienia spotkania nale\u017cy si\u0119 skontaktowa\u0107 z Prof. dr hab. Magdalen\u0105 Danielewicz lub mgr Ew\u0105 Janukowicz.<\/li>\n<\/ul>\n<p>Dr Celina Heliasz \u2013 Nowosielska<\/p>\n<ul>\n<li>Konsultacje online po wcze\u015bniejszym kontakcie mailowym.<\/li>\n<\/ul>\n<p>Dr Jan Wi\u015blicki<\/p>\n<ul>\n<li>Konsultacje online po wcze\u015bniejszym kontakcie mailowym.<\/li>\n<\/ul>\n<p>Dr Daniel Ziembicki<\/p>\n<ul>\n<li>Konsultacje online po wcze\u015bniejszym kontakcie mailowym.<\/li>\n<\/ul>\n","protected":false},"excerpt":{"rendered":"<p>Kierownik Prof. dr hab. Magdalena Danielewicz Konsultacje online po wcze\u015bniejszym kontakcie mailowym. Pracownicy Prof. dr hab. Andrzej Bogus\u0142awski W celu um\u00f3wienia spotkania nale\u017cy si\u0119 skontaktowa\u0107 z Prof. dr hab. Magdalen\u0105 Danielewicz lub mgr Ew\u0105 Janukowicz. Dr Celina Heliasz \u2013 Nowosielska &hellip; <a href=\"http:\/\/klf.uw.edu.pl\/?page_id=32\">Czytaj dalej <span class=\"meta-nav\">&rarr;<\/span><\/a><\/p>\n","protected":false},"author":1005,"featured_media":0,"parent":0,"menu_order":0,"comment_status":"closed","ping_status":"closed","template":"","meta":{"_mi_skip_tracking":false,"_links_to":"","_links_to_target":""},"acf":[],"_links":{"self":[{"href":"http:\/\/klf.uw.edu.pl\/index.php?rest_route=\/wp\/v2\/pages\/32"}],"collection":[{"href":"http:\/\/klf.uw.edu.pl\/index.php?rest_route=\/wp\/v2\/pages"}],"about":[{"href":"http:\/\/klf.uw.edu.pl\/index.php?rest_route=\/wp\/v2\/types\/page"}],"author":[{"embeddable":true,"href":"http:\/\/klf.uw.edu.pl\/index.php?rest_route=\/wp\/v2\/users\/1005"}],"replies":[{"embeddable":true,"href":"http:\/\/klf.uw.edu.pl\/index.php?rest_route=%2Fwp%2Fv2%2Fcomments&post=32"}],"version-history":[{"count":7,"href":"http:\/\/klf.uw.edu.pl\/index.php?rest_route=\/wp\/v2\/pages\/32\/revisions"}],"predecessor-version":[{"id":207,"href":"http:\/\/klf.uw.edu.pl\/index.php?rest_route=\/wp\/v2\/pages\/32\/revisions\/207"}],"wp:attachment":[{"href":"http:\/\/klf.uw.edu.pl\/index.php?rest_route=%2Fwp%2Fv2%2Fmedia&parent=32"}],"curies":[{"name":"wp","href":"https:\/\/api.w.org\/{rel}","templated":true}]}}